{"id":595,"date":"2018-11-11T02:26:29","date_gmt":"2018-11-11T02:26:29","guid":{"rendered":"https:\/\/www.energeticthemes.com\/themes\/sada\/?page_id=595"},"modified":"2018-11-11T02:26:29","modified_gmt":"2018-11-11T02:26:29","slug":"card-blog-left-sidebar","status":"publish","type":"page","link":"https:\/\/havla.co\/index.php\/card-blog-left-sidebar\/","title":{"rendered":"Card Blog Left Sidebar"},"content":{"rendered":"\n<div class=\"wp-block-columns alignwide has-2-columns is-layout-flex wp-container-core-columns-is-layout-9d6595d7 wp-block-columns-is-layout-flex\" style=\"margin-bottom:80px\" data-columns-layout=\"two_33_66\" data-columns-gutter=\"50\">\n<div class=\"wp-block-column is-layout-flow wp-block-column-is-layout-flow\">\n<h4 class=\"wp-block-heading\" style=\"margin-bottom:20px\">Categories<\/h4>\n\n\n<ul class=\"wp-block-categories-list wp-block-categories\">\t<li class=\"cat-item cat-item-1\"><a href=\"https:\/\/havla.co\/index.php\/category\/genel\/\">Genel<\/a>\n<\/li>\n\t<li class=\"cat-item cat-item-6\"><a href=\"https:\/\/havla.co\/index.php\/category\/kopekler-hakkinda-hersey\/\">Genel Bilgiler<\/a>\n<\/li>\n\t<li class=\"cat-item cat-item-2\"><a href=\"https:\/\/havla.co\/index.php\/category\/kopekbakimi\/\">K\u00f6pek Bak\u0131m\u0131<\/a>\n<\/li>\n\t<li class=\"cat-item cat-item-4\"><a href=\"https:\/\/havla.co\/index.php\/category\/kopekbeslenmesi\/\">K\u00f6pek Beslenme<\/a>\n<\/li>\n\t<li class=\"cat-item cat-item-5\"><a href=\"https:\/\/havla.co\/index.php\/category\/kopekegitimi\/\">K\u00f6pek E\u011fitimi<\/a>\n<\/li>\n\t<li class=\"cat-item cat-item-13\"><a href=\"https:\/\/havla.co\/index.php\/category\/kopek-eglenceli-video-fotograf-komik-resim\/\">K\u00f6pek E\u011flence<\/a>\n<\/li>\n\t<li class=\"cat-item cat-item-9\"><a href=\"https:\/\/havla.co\/index.php\/category\/kopek-irklari\/\">K\u00f6pek Irklar\u0131<\/a>\n<\/li>\n\t<li class=\"cat-item cat-item-3\"><a href=\"https:\/\/havla.co\/index.php\/category\/kopeksagligi\/\">K\u00f6pek Sa\u011fl\u0131\u011f\u0131<\/a>\n<\/li>\n<\/ul>\n\n\n<h4 class=\"wp-block-heading\" style=\"margin-bottom:20px\">Top Posts<\/h4>\n\n\n<div class=\"energetic-core-parts-posts-list simple-entry-list blog-post  \" style=\"margin-bottom:40px;\"><ul class=\"post-list\"><li><article id=\"list-post-3678\" class=\"d-flex clearfix post-3678 post type-post status-publish format-standard has-post-thumbnail hentry category-kopekbakimi category-kopeksagligi tag-kopek-uyuz-tedavisi tag-kopeklerde-uyuz tag-kopeklerde-uyuz-ignesi tag-kopeklerde-uyuz-ilaclari tag-kopeklerde-uyuz-tedavisi\"><span class=\"reveal-title\">1<\/span><div class=\"entry-content-wrapper\"><a class=\"entry-title\" href=\"https:\/\/havla.co\/index.php\/2018\/12\/06\/kopeklerde-uyuz-tedavisi\/\">K\u00f6peklerde Uyuz Tedavisi<\/a><div class=\"entry-meta-top\"><span class=\"post_meta_author\">By <a href=\"https:\/\/havla.co\/index.php\/author\/cannn\/\">cannn<\/a><\/span><span class=\"entry-meta-data\">6 Aral\u0131k 2018<\/span><span class=\"entry-meta-category\"><a href=\"https:\/\/havla.co\/index.php\/category\/kopekbakimi\/\" rel=\"category tag\">K\u00f6pek Bak\u0131m\u0131<\/a>&nbsp;<a href=\"https:\/\/havla.co\/index.php\/category\/kopeksagligi\/\" rel=\"category tag\">K\u00f6pek Sa\u011fl\u0131\u011f\u0131<\/a><\/span><\/div><\/div><\/article><\/li><li><article id=\"list-post-3696\" class=\"d-flex clearfix post-3696 post type-post status-publish format-standard has-post-thumbnail hentry category-genel category-kopekbakimi category-kopeksagligi tag-kopek-ishal-tedavisi tag-kopekler-neden-ishal-olur tag-kopeklerde-ishal-ve-tedavi-sureci\"><span class=\"reveal-title\">2<\/span><div class=\"entry-content-wrapper\"><a class=\"entry-title\" href=\"https:\/\/havla.co\/index.php\/2018\/12\/06\/kopeklerde-ishal-ve-tedavi-sureci\/\">K\u00f6peklerde ishal ve tedavi s\u00fcreci<\/a><div class=\"entry-meta-top\"><span class=\"post_meta_author\">By <a href=\"https:\/\/havla.co\/index.php\/author\/cannn\/\">cannn<\/a><\/span><span class=\"entry-meta-data\">6 Aral\u0131k 2018<\/span><span class=\"entry-meta-category\"><a href=\"https:\/\/havla.co\/index.php\/category\/genel\/\" rel=\"category tag\">Genel<\/a>&nbsp;<a href=\"https:\/\/havla.co\/index.php\/category\/kopekbakimi\/\" rel=\"category tag\">K\u00f6pek Bak\u0131m\u0131<\/a>&nbsp;<a href=\"https:\/\/havla.co\/index.php\/category\/kopeksagligi\/\" rel=\"category tag\">K\u00f6pek Sa\u011fl\u0131\u011f\u0131<\/a><\/span><\/div><\/div><\/article><\/li><li><article id=\"list-post-3684\" class=\"d-flex clearfix post-3684 post type-post status-publish format-standard has-post-thumbnail hentry category-kopekler-hakkinda-hersey category-kopek-irklari tag-apartmanda-kopek tag-buyumeyen-kopek-cinsleri-nelerdir tag-kucuk-kopek-cinsleri\"><span class=\"reveal-title\">3<\/span><div class=\"entry-content-wrapper\"><a class=\"entry-title\" href=\"https:\/\/havla.co\/index.php\/2018\/12\/06\/kucuk-evcil-kopekler\/\">K\u00fc\u00e7\u00fck Evcil K\u00f6pekler<\/a><div class=\"entry-meta-top\"><span class=\"post_meta_author\">By <a href=\"https:\/\/havla.co\/index.php\/author\/cannn\/\">cannn<\/a><\/span><span class=\"entry-meta-data\">6 Aral\u0131k 2018<\/span><span class=\"entry-meta-category\"><a href=\"https:\/\/havla.co\/index.php\/category\/kopekler-hakkinda-hersey\/\" rel=\"category tag\">Genel Bilgiler<\/a>&nbsp;<a href=\"https:\/\/havla.co\/index.php\/category\/kopek-irklari\/\" rel=\"category tag\">K\u00f6pek Irklar\u0131<\/a><\/span><\/div><\/div><\/article><\/li><li><article id=\"list-post-3681\" class=\"d-flex clearfix post-3681 post type-post status-publish format-standard has-post-thumbnail hentry category-kopek-irklari tag-ev-kopekleri tag-kopek-irklari tag-kopeklerin-ozellikleri tag-pug tag-pug-cinsi-kopek tag-pug-cinsi-kopeklerin-ozellikleri tag-pug-cinsi-ve-ozellikleri\"><span class=\"reveal-title\">4<\/span><div class=\"entry-content-wrapper\"><a class=\"entry-title\" href=\"https:\/\/havla.co\/index.php\/2018\/12\/06\/pug\/\">Pug<\/a><div class=\"entry-meta-top\"><span class=\"post_meta_author\">By <a href=\"https:\/\/havla.co\/index.php\/author\/cannn\/\">cannn<\/a><\/span><span class=\"entry-meta-data\">6 Aral\u0131k 2018<\/span><span class=\"entry-meta-category\"><a href=\"https:\/\/havla.co\/index.php\/category\/kopek-irklari\/\" rel=\"category tag\">K\u00f6pek Irklar\u0131<\/a><\/span><\/div><\/div><\/article><\/li><li><article id=\"list-post-1177\" class=\"d-flex clearfix post-1177 post type-post status-publish format-standard hentry category-kopekbakimi category-kopeksagligi tag-kopek tag-kopek-bakimi tag-kopek-tirnagi\"><span class=\"reveal-title\">5<\/span><div class=\"entry-content-wrapper\"><a class=\"entry-title\" href=\"https:\/\/havla.co\/index.php\/2016\/08\/05\/kopek-tirnagi-nasil-kesilir\/\">K\u00f6pek t\u0131rna\u011f\u0131 nas\u0131l kesilir ?<\/a><div class=\"entry-meta-top\"><span class=\"post_meta_author\">By <a href=\"https:\/\/havla.co\/index.php\/author\/cannn\/\">cannn<\/a><\/span><span class=\"entry-meta-data\">5 A\u011fustos 2016<\/span><span class=\"entry-meta-category\"><a href=\"https:\/\/havla.co\/index.php\/category\/kopekbakimi\/\" rel=\"category tag\">K\u00f6pek Bak\u0131m\u0131<\/a>&nbsp;<a href=\"https:\/\/havla.co\/index.php\/category\/kopeksagligi\/\" rel=\"category tag\">K\u00f6pek Sa\u011fl\u0131\u011f\u0131<\/a><\/span><\/div><\/div><\/article><\/li><\/ul><\/div>\n\n\n<h4 class=\"wp-block-heading\" style=\"margin-bottom:20px\">Instagram<\/h4>\n\n\n<div class=\"\"> Please check the block data<\/div><\/div>\n\n\n\n<div class=\"wp-block-column is-layout-flow wp-block-column-is-layout-flow\"><div class=\"energetic-core-parts-posts container  alignwide\" style=\"\"><div class=\"row blog-post is-list card-post-style\"><div class=\"col-lg-12\"><article id=\"post-3696\" class=\"clearfix post-3696 post type-post status-publish format-standard has-post-thumbnail hentry category-genel category-kopekbakimi category-kopeksagligi tag-kopek-ishal-tedavisi tag-kopekler-neden-ishal-olur tag-kopeklerde-ishal-ve-tedavi-sureci\"><div class=\"entry-media\"><a href=\"https:\/\/havla.co\/index.php\/2018\/12\/06\/kopeklerde-ishal-ve-tedavi-sureci\/\" rel=\"bookmark\"><img loading=\"lazy\" decoding=\"async\" width=\"750\" height=\"405\" src=\"https:\/\/havla.co\/wp-content\/uploads\/2022\/05\/KO\u0308PEKLERDE-I\u0307SHAL-VE-TEDAVI\u0307-SU\u0308RECI\u0307.jpg\" class=\"attachment- size- wp-post-image\" alt=\"\" srcset=\"https:\/\/havla.co\/wp-content\/uploads\/2022\/05\/KO\u0308PEKLERDE-I\u0307SHAL-VE-TEDAVI\u0307-SU\u0308RECI\u0307.jpg 750w, https:\/\/havla.co\/wp-content\/uploads\/2022\/05\/KO\u0308PEKLERDE-I\u0307SHAL-VE-TEDAVI\u0307-SU\u0308RECI\u0307-300x162.jpg 300w\" sizes=\"auto, (max-width: 750px) 100vw, 750px\" \/><\/a><\/div><div class=\"entry-content-wrapper\"><div class=\"entry-meta-top\"><span class=\"entry-meta-data\">6 Aral\u0131k 2018<\/span><span class=\"entry-meta-category\"><a href=\"https:\/\/havla.co\/index.php\/category\/genel\/\" rel=\"category tag\">Genel<\/a>&nbsp;<a href=\"https:\/\/havla.co\/index.php\/category\/kopekbakimi\/\" rel=\"category tag\">K\u00f6pek Bak\u0131m\u0131<\/a>&nbsp;<a href=\"https:\/\/havla.co\/index.php\/category\/kopeksagligi\/\" rel=\"category tag\">K\u00f6pek Sa\u011fl\u0131\u011f\u0131<\/a><\/span><\/div><h4 class=\"entry-title\"><a href=\"https:\/\/havla.co\/index.php\/2018\/12\/06\/kopeklerde-ishal-ve-tedavi-sureci\/\">K\u00f6peklerde ishal ve tedavi s\u00fcreci<\/a><\/h4><div class=\"entry-excerpt\"><p>K\u00d6PEKLERDE \u0130SHAL VE TEDAV\u0130 S\u00dcREC\u0130 T\u00fcm k\u00f6peklerde kar\u015f\u0131la\u015f\u0131lan ama \u00f6zellikle a\u015f\u0131s\u0131z k\u00f6peklerde ve yavru k\u00f6peklerde s\u0131k kar\u015f\u0131la\u015f\u0131lan sindirim sorunlar\u0131ndan biri de ishal sorunudur. A\u015f\u0131s\u0131z k\u00f6peklerde&hellip;<\/p>\n<\/div><\/div><\/article><\/div><div class=\"col-lg-12\"><article id=\"post-3684\" class=\"clearfix post-3684 post type-post status-publish format-standard has-post-thumbnail hentry category-kopekler-hakkinda-hersey category-kopek-irklari tag-apartmanda-kopek tag-buyumeyen-kopek-cinsleri-nelerdir tag-kucuk-kopek-cinsleri\"><div class=\"entry-media\"><a href=\"https:\/\/havla.co\/index.php\/2018\/12\/06\/kucuk-evcil-kopekler\/\" rel=\"bookmark\"><img loading=\"lazy\" decoding=\"async\" width=\"810\" height=\"310\" src=\"https:\/\/havla.co\/wp-content\/uploads\/2022\/05\/kopek-resimleri-1.jpg\" class=\"attachment- size- wp-post-image\" alt=\"\" srcset=\"https:\/\/havla.co\/wp-content\/uploads\/2022\/05\/kopek-resimleri-1.jpg 810w, https:\/\/havla.co\/wp-content\/uploads\/2022\/05\/kopek-resimleri-1-300x115.jpg 300w, https:\/\/havla.co\/wp-content\/uploads\/2022\/05\/kopek-resimleri-1-768x294.jpg 768w\" sizes=\"auto, (max-width: 810px) 100vw, 810px\" \/><\/a><\/div><div class=\"entry-content-wrapper\"><div class=\"entry-meta-top\"><span class=\"entry-meta-data\">6 Aral\u0131k 2018<\/span><span class=\"entry-meta-category\"><a href=\"https:\/\/havla.co\/index.php\/category\/kopekler-hakkinda-hersey\/\" rel=\"category tag\">Genel Bilgiler<\/a>&nbsp;<a href=\"https:\/\/havla.co\/index.php\/category\/kopek-irklari\/\" rel=\"category tag\">K\u00f6pek Irklar\u0131<\/a><\/span><\/div><h4 class=\"entry-title\"><a href=\"https:\/\/havla.co\/index.php\/2018\/12\/06\/kucuk-evcil-kopekler\/\">K\u00fc\u00e7\u00fck Evcil K\u00f6pekler<\/a><\/h4><div class=\"entry-excerpt\"><p>K\u00fc\u00e7\u00fck Evcil K\u00f6pek Cinsleri Nelerdir? Daha \u00f6nceki makalelerimizde k\u00fc\u00e7\u00fck evcil k\u00f6pek cinslerinden ve bu cinslerin \u00f6zelliklerinden bahsetmi\u015ftik. Bu makalemizde de \u00f6zellikle apartmanda ya\u015fayan ve \u00e7ocuklar\u0131&hellip;<\/p>\n<\/div><\/div><\/article><\/div><div class=\"col-lg-12\"><article id=\"post-3681\" class=\"clearfix post-3681 post type-post status-publish format-standard has-post-thumbnail hentry category-kopek-irklari tag-ev-kopekleri tag-kopek-irklari tag-kopeklerin-ozellikleri tag-pug tag-pug-cinsi-kopek tag-pug-cinsi-kopeklerin-ozellikleri tag-pug-cinsi-ve-ozellikleri\"><div class=\"entry-media\"><a href=\"https:\/\/havla.co\/index.php\/2018\/12\/06\/pug\/\" rel=\"bookmark\"><img loading=\"lazy\" decoding=\"async\" width=\"1280\" height=\"720\" src=\"https:\/\/havla.co\/wp-content\/uploads\/2022\/05\/maxresdefault4-1.jpg\" class=\"attachment- size- wp-post-image\" alt=\"\" srcset=\"https:\/\/havla.co\/wp-content\/uploads\/2022\/05\/maxresdefault4-1.jpg 1280w, https:\/\/havla.co\/wp-content\/uploads\/2022\/05\/maxresdefault4-1-300x169.jpg 300w, https:\/\/havla.co\/wp-content\/uploads\/2022\/05\/maxresdefault4-1-1024x576.jpg 1024w, https:\/\/havla.co\/wp-content\/uploads\/2022\/05\/maxresdefault4-1-768x432.jpg 768w\" sizes=\"auto, (max-width: 1280px) 100vw, 1280px\" \/><\/a><\/div><div class=\"entry-content-wrapper\"><div class=\"entry-meta-top\"><span class=\"entry-meta-data\">6 Aral\u0131k 2018<\/span><span class=\"entry-meta-category\"><a href=\"https:\/\/havla.co\/index.php\/category\/kopek-irklari\/\" rel=\"category tag\">K\u00f6pek Irklar\u0131<\/a><\/span><\/div><h4 class=\"entry-title\"><a href=\"https:\/\/havla.co\/index.php\/2018\/12\/06\/pug\/\">Pug<\/a><\/h4><div class=\"entry-excerpt\"><p>Pug Cinsi ve \u00d6zellikleri &#8211; K\u00fc\u00e7\u00fck K\u00f6pek Cinsleri K\u0131r\u0131\u015f\u0131k bir y\u00fcze, bas\u0131k bir buruna ve k\u0131vr\u0131k bir kuyru\u011fa sahip olan Pug cinsi k\u00f6pekler \u00c7in k\u00f6kenli&hellip;<\/p>\n<\/div><\/div><\/article><\/div><\/div><\/div><\/div>\n<\/div>\n","protected":false},"excerpt":{"rendered":"<p>Categories Top Posts Instagram<\/p>\n","protected":false},"author":1,"featured_media":0,"parent":0,"menu_order":0,"comment_status":"closed","ping_status":"closed","template":"","meta":{"footnotes":""},"class_list":["post-595","page","type-page","status-publish","hentry"],"_links":{"self":[{"href":"https:\/\/havla.co\/index.php\/wp-json\/wp\/v2\/pages\/595","targetHints":{"allow":["GET"]}}],"collection":[{"href":"https:\/\/havla.co\/index.php\/wp-json\/wp\/v2\/pages"}],"about":[{"href":"https:\/\/havla.co\/index.php\/wp-json\/wp\/v2\/types\/page"}],"author":[{"embeddable":true,"href":"https:\/\/havla.co\/index.php\/wp-json\/wp\/v2\/users\/1"}],"replies":[{"embeddable":true,"href":"https:\/\/havla.co\/index.php\/wp-json\/wp\/v2\/comments?post=595"}],"version-history":[{"count":0,"href":"https:\/\/havla.co\/index.php\/wp-json\/wp\/v2\/pages\/595\/revisions"}],"wp:attachment":[{"href":"https:\/\/havla.co\/index.php\/wp-json\/wp\/v2\/media?parent=595"}],"curies":[{"name":"wp","href":"https:\/\/api.w.org\/{rel}","templated":true}]}}